{"id":77,"date":"2022-07-16T17:24:36","date_gmt":"2022-07-16T15:24:36","guid":{"rendered":"http:\/\/www.hort-buntstifte.de\/wp22\/?page_id=77"},"modified":"2022-08-21T22:40:28","modified_gmt":"2022-08-21T20:40:28","slug":"elterninitiative","status":"publish","type":"page","link":"https:\/\/www.hort-buntstifte.de\/wp22\/elterninitiative\/","title":{"rendered":"Elterninitiative"},"content":{"rendered":"\n<h2 class=\"wp-block-heading\">Bunstifte e.V., Elterninitiativhort f\u00fcr Schulkinder<\/h2>\n\n\n\n<p>Die Elterninitiative erm\u00f6glicht es den Eltern aktiv teilzunehmen, sich mit anderen Eltern auszutauschen und ihre Vorstellungen einzubringen.\u00a0 Die Organisation des Hortes wird von Personal und Eltern gemeinsam \u00fcbernommen.<br>Dabei \u00fcbernehmen die Eltern bestimmte Aufgaben, wie z. B. Erstellen von Informationsmaterial, Koordination von Elterndiensten, Renovierungen, Reparaturen etc. Au\u00dferdem w\u00e4hlen die Eltern einen Vorstand, der sich wie folgt zusammensetzt:<\/p>\n\n\n\n<ul class=\"wp-block-list\"><li>Zwei Vorst\u00e4nde Finanzen<\/li><li>Vorstand Personal<\/li><li>Vorstand Organisation<\/li><\/ul>\n\n\n\n<p>Die vier Vorst\u00e4nde arbeiten eng mit dem Personal der Einrichtung zusammen und besprechen sich regelm\u00e4\u00dfig. Sie werden in ihren Aufgaben von den anderen Eltern unterst\u00fctzt.<\/p>\n\n\n\n<h2 class=\"wp-block-heading\">Was machen die Eltern?<\/h2>\n\n\n\n<p>Elternabende finden in regelm\u00e4\u00dfigem Abstand von etwa sechs Wochen statt. Die Teilnahme der Eltern ist obligatorisch. Anfangs treffen sich beide Gruppen und die Eltern gemeinsam, sp\u00e4ter teilen sie sich ggf. auf, um gruppenspezifische Themen zu besprechen.<\/p>\n\n\n\n<p>Pro Jahr finden au\u00dferdem zwei Mitgliederversammlungen statt, auf denen vereinsrelevante Entscheidungen getroffen werden. Die Teilnahmen an den Mitgliederversammlungen sind f\u00fcr alle Familien verpflichtend.<\/p>\n\n\n\n<h2 class=\"wp-block-heading\">Die Buntstifte gestern und heute<\/h2>\n\n\n\n<p>Der Hort \u201eDie Buntstifte e.V.\u201c wurde 1989 als Elterninitiativhort f\u00fcr Schulkinder von sechs bis zw\u00f6lf Jahren gegr\u00fcndet und ist als gemeinn\u00fctziger Verein anerkannt. Er schuf damit ein Angebot an Nachmittagsbetreuung in Sendling, welches dringend n\u00f6tig war (und ist). Im Jahr 2009 zog der Hort von der Schmied-Kochel-Stra\u00dfe 9 in das R\u00fcckgeb\u00e4ude der Implerstra\u00dfe 69 um, in die R\u00e4ume einer ehemalige Sendlinger Polizeiwache. Somit konnte nach unerm\u00fcdlicher Initiative der Sendlinger Eltern ein neuer, gr\u00f6\u00dferer und komplett renovierter Standort gefunden werden. Im Jahr 2014 feierten die Buntstifte ihr 25j\u00e4hriges Jubil\u00e4um und erhielten f\u00fcr ihr ehrenamtliches Engagement den Sendlinger B\u00fcrgerpreis 2014. Im Sommer ergab sich die Gelegenheit, weitere R\u00e4ume in direkter Nachbarschaft zu mieten, so dass seit September 2016 eine zweite Gruppe starten konnte. 2017 wurde der Hof umgestaltet und mit Spielm\u00f6glichkeiten f\u00fcr beide Gruppen ausgestattet.<\/p>\n","protected":false},"excerpt":{"rendered":"<p>Bunstifte e.V., Elterninitiativhort f\u00fcr Schulkinder Die Elterninitiative erm\u00f6glicht es den Eltern aktiv teilzunehmen, sich mit anderen Eltern auszutauschen und ihre Vorstellungen einzubringen.\u00a0 Die Organisation des Hortes wird von Personal und Eltern gemeinsam \u00fcbernommen.Dabei \u00fcbernehmen die Eltern bestimmte Aufgaben, wie z. &hellip; <\/p>\n","protected":false},"author":1,"featured_media":0,"parent":0,"menu_order":0,"comment_status":"closed","ping_status":"closed","template":"","meta":{"footnotes":""},"class_list":["post-77","page","type-page","status-publish","hentry"],"_links":{"self":[{"href":"https:\/\/www.hort-buntstifte.de\/wp22\/wp-json\/wp\/v2\/pages\/77","targetHints":{"allow":["GET"]}}],"collection":[{"href":"https:\/\/www.hort-buntstifte.de\/wp22\/wp-json\/wp\/v2\/pages"}],"about":[{"href":"https:\/\/www.hort-buntstifte.de\/wp22\/wp-json\/wp\/v2\/types\/page"}],"author":[{"embeddable":true,"href":"https:\/\/www.hort-buntstifte.de\/wp22\/wp-json\/wp\/v2\/users\/1"}],"replies":[{"embeddable":true,"href":"https:\/\/www.hort-buntstifte.de\/wp22\/wp-json\/wp\/v2\/comments?post=77"}],"version-history":[{"count":2,"href":"https:\/\/www.hort-buntstifte.de\/wp22\/wp-json\/wp\/v2\/pages\/77\/revisions"}],"predecessor-version":[{"id":133,"href":"https:\/\/www.hort-buntstifte.de\/wp22\/wp-json\/wp\/v2\/pages\/77\/revisions\/133"}],"wp:attachment":[{"href":"https:\/\/www.hort-buntstifte.de\/wp22\/wp-json\/wp\/v2\/media?parent=77"}],"curies":[{"name":"wp","href":"https:\/\/api.w.org\/{rel}","templated":true}]}}