{"id":34,"date":"2022-07-16T16:55:36","date_gmt":"2022-07-16T14:55:36","guid":{"rendered":"http:\/\/www.hort-buntstifte.de\/wp22\/?page_id=34"},"modified":"2023-04-05T21:49:44","modified_gmt":"2023-04-05T19:49:44","slug":"team","status":"publish","type":"page","link":"https:\/\/www.hort-buntstifte.de\/wp22\/team\/","title":{"rendered":"Team"},"content":{"rendered":"\n<p>Wir haben eine gruppen\u00fcbergreifende Einrichtungsleitung, die auch gleichzeitig als Erzieherin die Gruppe \u201eKetchup\u201c betreut. Dar\u00fcber hinaus besteht das p\u00e4dagogische Team der Ketchup-Gruppe aus einer in Vollzeit und einer in Teilzeit angestellten p\u00e4dagogischen Erg\u00e4nzungskraft (z.B. KinderpflegerIn). In der Gruppe \u201eMayo\u201c besteht das Team aus einem Erzieher und einer p\u00e4dagogischen Erg\u00e4nzungskraft (z.B. KinderpflegerIn) in Vollzeit.<br>Idealerweise wird jede Gruppe durch je eine Person unterst\u00fctzt, die bei den Buntstiften ihren Bundesfreiwilligendienst oder ein Freiwilliges Soziales Jahr ableistet.<\/p>\n\n\n\n<p>Zudem bietet der Hort auch Praktikantinnen und Praktikanten die M\u00f6glichkeit,&nbsp;p\u00e4dagogisches Arbeiten kennen zu lernen.<\/p>\n\n\n\n<div class=\"wp-block-columns is-layout-flex wp-container-core-columns-is-layout-9d6595d7 wp-block-columns-is-layout-flex\">\n<div class=\"wp-block-column is-layout-flow wp-block-column-is-layout-flow\" style=\"flex-basis:100%\">\n<figure class=\"wp-block-gallery has-nested-images columns-default is-cropped wp-block-gallery-1 is-layout-flex wp-block-gallery-is-layout-flex\">\n<figure class=\"wp-block-image size-large\"><a href=\"https:\/\/www.hort-buntstifte.de\/wp22\/wp-content\/uploads\/2022\/07\/DSCF5239-scaled.jpg\"><img loading=\"lazy\" decoding=\"async\" width=\"1702\" height=\"2560\" data-id=\"35\" src=\"https:\/\/www.hort-buntstifte.de\/wp22\/wp-content\/uploads\/2022\/07\/DSCF5239-scaled.jpg\" alt=\"\" class=\"wp-image-35\" srcset=\"https:\/\/www.hort-buntstifte.de\/wp22\/wp-content\/uploads\/2022\/07\/DSCF5239-scaled.jpg 1702w, https:\/\/www.hort-buntstifte.de\/wp22\/wp-content\/uploads\/2022\/07\/DSCF5239-199x300.jpg 199w, https:\/\/www.hort-buntstifte.de\/wp22\/wp-content\/uploads\/2022\/07\/DSCF5239-681x1024.jpg 681w, https:\/\/www.hort-buntstifte.de\/wp22\/wp-content\/uploads\/2022\/07\/DSCF5239-768x1155.jpg 768w, https:\/\/www.hort-buntstifte.de\/wp22\/wp-content\/uploads\/2022\/07\/DSCF5239-1021x1536.jpg 1021w, https:\/\/www.hort-buntstifte.de\/wp22\/wp-content\/uploads\/2022\/07\/DSCF5239-1362x2048.jpg 1362w\" sizes=\"auto, (max-width: 1702px) 100vw, 1702px\" \/><\/a><figcaption class=\"wp-element-caption\">Alicia Koppelstetter<\/figcaption><\/figure>\n\n\n\n<figure class=\"wp-block-image size-large\"><img loading=\"lazy\" decoding=\"async\" width=\"681\" height=\"1024\" data-id=\"40\" src=\"https:\/\/www.hort-buntstifte.de\/wp22\/wp-content\/uploads\/2022\/07\/DSCF5245-681x1024.jpg\" alt=\"\" class=\"wp-image-40\" srcset=\"https:\/\/www.hort-buntstifte.de\/wp22\/wp-content\/uploads\/2022\/07\/DSCF5245-681x1024.jpg 681w, https:\/\/www.hort-buntstifte.de\/wp22\/wp-content\/uploads\/2022\/07\/DSCF5245-199x300.jpg 199w, https:\/\/www.hort-buntstifte.de\/wp22\/wp-content\/uploads\/2022\/07\/DSCF5245-768x1155.jpg 768w, https:\/\/www.hort-buntstifte.de\/wp22\/wp-content\/uploads\/2022\/07\/DSCF5245-1021x1536.jpg 1021w, https:\/\/www.hort-buntstifte.de\/wp22\/wp-content\/uploads\/2022\/07\/DSCF5245-1362x2048.jpg 1362w, https:\/\/www.hort-buntstifte.de\/wp22\/wp-content\/uploads\/2022\/07\/DSCF5245-scaled.jpg 1702w\" sizes=\"auto, (max-width: 681px) 100vw, 681px\" \/><figcaption class=\"wp-element-caption\">Melis Emir<\/figcaption><\/figure>\n\n\n\n<figure class=\"wp-block-image size-large\"><a href=\"https:\/\/www.hort-buntstifte.de\/wp22\/wp-content\/uploads\/2022\/07\/DSCF5240-scaled.jpg\"><img loading=\"lazy\" decoding=\"async\" width=\"1702\" height=\"2560\" data-id=\"36\" src=\"https:\/\/www.hort-buntstifte.de\/wp22\/wp-content\/uploads\/2022\/07\/DSCF5240-scaled.jpg\" alt=\"\" class=\"wp-image-36\" srcset=\"https:\/\/www.hort-buntstifte.de\/wp22\/wp-content\/uploads\/2022\/07\/DSCF5240-scaled.jpg 1702w, https:\/\/www.hort-buntstifte.de\/wp22\/wp-content\/uploads\/2022\/07\/DSCF5240-199x300.jpg 199w, https:\/\/www.hort-buntstifte.de\/wp22\/wp-content\/uploads\/2022\/07\/DSCF5240-681x1024.jpg 681w, https:\/\/www.hort-buntstifte.de\/wp22\/wp-content\/uploads\/2022\/07\/DSCF5240-768x1155.jpg 768w, https:\/\/www.hort-buntstifte.de\/wp22\/wp-content\/uploads\/2022\/07\/DSCF5240-1021x1536.jpg 1021w, https:\/\/www.hort-buntstifte.de\/wp22\/wp-content\/uploads\/2022\/07\/DSCF5240-1362x2048.jpg 1362w\" sizes=\"auto, (max-width: 1702px) 100vw, 1702px\" \/><\/a><figcaption class=\"wp-element-caption\">Natascha Eberlein<\/figcaption><\/figure>\n\n\n\n<figure class=\"wp-block-image size-large\"><img loading=\"lazy\" decoding=\"async\" width=\"683\" height=\"1024\" data-id=\"318\" src=\"https:\/\/www.hort-buntstifte.de\/wp22\/wp-content\/uploads\/2023\/04\/Colin_Djukic_Buntstifte-1-683x1024.jpg\" alt=\"\" class=\"wp-image-318\" srcset=\"https:\/\/www.hort-buntstifte.de\/wp22\/wp-content\/uploads\/2023\/04\/Colin_Djukic_Buntstifte-1-683x1024.jpg 683w, https:\/\/www.hort-buntstifte.de\/wp22\/wp-content\/uploads\/2023\/04\/Colin_Djukic_Buntstifte-1-200x300.jpg 200w, https:\/\/www.hort-buntstifte.de\/wp22\/wp-content\/uploads\/2023\/04\/Colin_Djukic_Buntstifte-1-768x1152.jpg 768w, https:\/\/www.hort-buntstifte.de\/wp22\/wp-content\/uploads\/2023\/04\/Colin_Djukic_Buntstifte-1-1024x1536.jpg 1024w, https:\/\/www.hort-buntstifte.de\/wp22\/wp-content\/uploads\/2023\/04\/Colin_Djukic_Buntstifte-1-1365x2048.jpg 1365w, https:\/\/www.hort-buntstifte.de\/wp22\/wp-content\/uploads\/2023\/04\/Colin_Djukic_Buntstifte-1-scaled.jpg 1706w\" sizes=\"auto, (max-width: 683px) 100vw, 683px\" \/><figcaption class=\"wp-element-caption\">Martina M\u00f6\u00dfner<\/figcaption><\/figure>\n\n\n\n<figure class=\"wp-block-image size-large\"><a href=\"https:\/\/www.hort-buntstifte.de\/wp22\/wp-content\/uploads\/2022\/09\/DSCF5254_cropped.jpg\"><img loading=\"lazy\" decoding=\"async\" width=\"1024\" height=\"955\" data-id=\"192\" src=\"https:\/\/www.hort-buntstifte.de\/wp22\/wp-content\/uploads\/2022\/09\/DSCF5254_cropped-1024x955.jpg\" alt=\"\" class=\"wp-image-192\" srcset=\"https:\/\/www.hort-buntstifte.de\/wp22\/wp-content\/uploads\/2022\/09\/DSCF5254_cropped-1024x955.jpg 1024w, https:\/\/www.hort-buntstifte.de\/wp22\/wp-content\/uploads\/2022\/09\/DSCF5254_cropped-300x280.jpg 300w, https:\/\/www.hort-buntstifte.de\/wp22\/wp-content\/uploads\/2022\/09\/DSCF5254_cropped-768x716.jpg 768w, https:\/\/www.hort-buntstifte.de\/wp22\/wp-content\/uploads\/2022\/09\/DSCF5254_cropped-1536x1433.jpg 1536w, https:\/\/www.hort-buntstifte.de\/wp22\/wp-content\/uploads\/2022\/09\/DSCF5254_cropped.jpg 1607w\" sizes=\"auto, (max-width: 1024px) 100vw, 1024px\" \/><\/a><figcaption class=\"wp-element-caption\">vlnr: Melis Emir, Alicia Koppelstetter, Natascha Eberlein<\/figcaption><\/figure>\n<\/figure>\n<\/div>\n<\/div>\n","protected":false},"excerpt":{"rendered":"<p>Wir haben eine gruppen\u00fcbergreifende Einrichtungsleitung, die auch gleichzeitig als Erzieherin die Gruppe \u201eKetchup\u201c betreut. Dar\u00fcber hinaus besteht das p\u00e4dagogische Team der Ketchup-Gruppe aus einer in Vollzeit und einer in Teilzeit angestellten p\u00e4dagogischen Erg\u00e4nzungskraft (z.B. KinderpflegerIn). In der Gruppe \u201eMayo\u201c besteht &hellip; <\/p>\n","protected":false},"author":1,"featured_media":0,"parent":0,"menu_order":0,"comment_status":"closed","ping_status":"closed","template":"","meta":{"footnotes":""},"class_list":["post-34","page","type-page","status-publish","hentry"],"_links":{"self":[{"href":"https:\/\/www.hort-buntstifte.de\/wp22\/wp-json\/wp\/v2\/pages\/34","targetHints":{"allow":["GET"]}}],"collection":[{"href":"https:\/\/www.hort-buntstifte.de\/wp22\/wp-json\/wp\/v2\/pages"}],"about":[{"href":"https:\/\/www.hort-buntstifte.de\/wp22\/wp-json\/wp\/v2\/types\/page"}],"author":[{"embeddable":true,"href":"https:\/\/www.hort-buntstifte.de\/wp22\/wp-json\/wp\/v2\/users\/1"}],"replies":[{"embeddable":true,"href":"https:\/\/www.hort-buntstifte.de\/wp22\/wp-json\/wp\/v2\/comments?post=34"}],"version-history":[{"count":15,"href":"https:\/\/www.hort-buntstifte.de\/wp22\/wp-json\/wp\/v2\/pages\/34\/revisions"}],"predecessor-version":[{"id":327,"href":"https:\/\/www.hort-buntstifte.de\/wp22\/wp-json\/wp\/v2\/pages\/34\/revisions\/327"}],"wp:attachment":[{"href":"https:\/\/www.hort-buntstifte.de\/wp22\/wp-json\/wp\/v2\/media?parent=34"}],"curies":[{"name":"wp","href":"https:\/\/api.w.org\/{rel}","templated":true}]}}