{"id":228,"date":"2022-10-19T09:54:53","date_gmt":"2022-10-19T07:54:53","guid":{"rendered":"https:\/\/www.hort-buntstifte.de\/wp22\/?page_id=228"},"modified":"2022-10-19T09:54:53","modified_gmt":"2022-10-19T07:54:53","slug":"raeume-und-verpflegung","status":"publish","type":"page","link":"https:\/\/www.hort-buntstifte.de\/wp22\/raeume-und-verpflegung\/","title":{"rendered":"R\u00e4ume und Verpflegung"},"content":{"rendered":"\n<h2 class=\"wp-block-heading\">R\u00e4ume<\/h2>\n\n\n\n<p>Die R\u00e4ume des Hortes befinden sich im Erdgeschoss eines Wohnhauses in der Implerstra\u00dfe. Folgende R\u00e4ume und Fl\u00e4chen stehen zur Verf\u00fcgung:<\/p>\n\n\n\n<ol class=\"wp-block-list\"><li><strong>Gruppe<\/strong>:<\/li><\/ol>\n\n\n\n<ul class=\"wp-block-list\"><li>eine kleine K\u00fcche<\/li><li>ein gro\u00dfer Gruppenraum zum Spielen, Basteln und Werken sowie zur Nutzung als<\/li><li>Dieser Raum verf\u00fcgt \u00fcber einen R\u00fcckzugsbereich f\u00fcr die Kinder.<\/li><li>ein Raum mit Tischen und St\u00fchlen, der sowohl als Hausaufgabenraum als auch als<\/li><li>Spielzimmer genutzt wird<\/li><li>ein Garderobenzimmer, das auch das B\u00fcro des p\u00e4dagogischen Teams umfasst.<\/li><li>zwei Toiletten<\/li><li>einen 15qm gro\u00dfen Innenhof mit Hochbeet und Marquise als Sonnenschutz<\/li><\/ul>\n\n\n\n<ol class=\"wp-block-list\" start=\"2\"><li><strong>Gruppe:<\/strong><\/li><\/ol>\n\n\n\n<ul class=\"wp-block-list\"><li>eine K\u00fcche, die aufgrund ihrer Gr\u00f6\u00dfe gruppen\u00fcbergreifende Kochprojekte erm\u00f6glicht<\/li><li>ein Garderobenraum, der gleichzeitig als Eingangsbereich der 2.Gruppe dient<\/li><li>ein gro\u00dfer Gruppenraum\/Aufenthaltsraum zum Spielen, Basteln und Werken sowie zur<\/li><li>Nutzung als Esszimmer<\/li><li>Ein kleinerer Raum mit Tischen und St\u00fchlen, der sowohl als Hausaufgabenraum und<\/li><li>Spielzimmer als auch als R\u00fcckzugsbereich f\u00fcr die Kinder genutzt werden kann<\/li><li>Zwei Toiletten<\/li><li>B\u00fcro des p\u00e4dagogischen Teams. Gemeinsam im Team-Raum der 1.Gruppe oder als<\/li><li>abgetrennter Bereich im gro\u00dfen Gruppenraum bzw. Hausaufgabenraum<\/li><\/ul>\n\n\n\n<p><strong>Zus\u00e4tzlich:<\/strong><\/p>\n\n\n\n<ul class=\"wp-block-list\"><li>Eine Freifl\u00e4che vor dem Haus, die beide Gruppen nutzen k\u00f6nnen.<\/li><li>Ein gro\u00dfer Keller, der beiden Gruppen zur Verf\u00fcgung steht.<\/li><\/ul>\n\n\n\n<p><\/p>\n\n\n\n<h2 class=\"wp-block-heading\">Verpflegung<\/h2>\n\n\n\n<p>Von Montag bis Freitag wird das Essen von einem Caterer geliefert.<\/p>\n","protected":false},"excerpt":{"rendered":"<p>R\u00e4ume Die R\u00e4ume des Hortes befinden sich im Erdgeschoss eines Wohnhauses in der Implerstra\u00dfe. Folgende R\u00e4ume und Fl\u00e4chen stehen zur Verf\u00fcgung: Gruppe: eine kleine K\u00fcche ein gro\u00dfer Gruppenraum zum Spielen, Basteln und Werken sowie zur Nutzung als Dieser Raum verf\u00fcgt &hellip; <\/p>\n","protected":false},"author":1,"featured_media":0,"parent":0,"menu_order":0,"comment_status":"closed","ping_status":"closed","template":"","meta":{"footnotes":""},"class_list":["post-228","page","type-page","status-publish","hentry"],"_links":{"self":[{"href":"https:\/\/www.hort-buntstifte.de\/wp22\/wp-json\/wp\/v2\/pages\/228","targetHints":{"allow":["GET"]}}],"collection":[{"href":"https:\/\/www.hort-buntstifte.de\/wp22\/wp-json\/wp\/v2\/pages"}],"about":[{"href":"https:\/\/www.hort-buntstifte.de\/wp22\/wp-json\/wp\/v2\/types\/page"}],"author":[{"embeddable":true,"href":"https:\/\/www.hort-buntstifte.de\/wp22\/wp-json\/wp\/v2\/users\/1"}],"replies":[{"embeddable":true,"href":"https:\/\/www.hort-buntstifte.de\/wp22\/wp-json\/wp\/v2\/comments?post=228"}],"version-history":[{"count":1,"href":"https:\/\/www.hort-buntstifte.de\/wp22\/wp-json\/wp\/v2\/pages\/228\/revisions"}],"predecessor-version":[{"id":229,"href":"https:\/\/www.hort-buntstifte.de\/wp22\/wp-json\/wp\/v2\/pages\/228\/revisions\/229"}],"wp:attachment":[{"href":"https:\/\/www.hort-buntstifte.de\/wp22\/wp-json\/wp\/v2\/media?parent=228"}],"curies":[{"name":"wp","href":"https:\/\/api.w.org\/{rel}","templated":true}]}}