{"id":221,"date":"2022-10-09T14:43:23","date_gmt":"2022-10-09T12:43:23","guid":{"rendered":"https:\/\/www.hort-buntstifte.de\/wp22\/?page_id=221"},"modified":"2022-10-19T19:15:59","modified_gmt":"2022-10-19T17:15:59","slug":"so-funktioniert-die-platzvergabe","status":"publish","type":"page","link":"https:\/\/www.hort-buntstifte.de\/wp22\/so-funktioniert-die-platzvergabe\/","title":{"rendered":"So funktioniert die Platzvergabe"},"content":{"rendered":"\n<h3 class=\"wp-block-heading\">Ablauf<\/h3>\n\n\n\n<p><strong>bis Ende Januar<\/strong><\/p>\n\n\n\n<p>Anmeldung f\u00fcr einen Hortplatz \u00fcber das Anmeldeformular &#8222;<a href=\"https:\/\/www.hort-buntstifte.de\/wp22\/anmeldung\/\" data-type=\"page\" data-id=\"85\">Antrag auf einen Hortplatz<\/a>&#8220; auf unserer Homepage bis Anmeldeschluss (Ende Januar)<\/p>\n\n\n\n<p><strong>Anfang Februar<\/strong><\/p>\n\n\n\n<p>Versand weiterer Informationen per Email: Buntstifte-Vorstellungsvideo + Abfrage eines Online-Fragebogens<\/p>\n\n\n\n<p><strong>Mitte Februar<\/strong><\/p>\n\n\n\n<p>Auswertung der Vergabekriterien<\/p>\n\n\n\n<p><strong>ab Ende Februar<\/strong><\/p>\n\n\n\n<p>Einladung von passenden Familien zum pers\u00f6nlichen Gespr\u00e4ch<\/p>\n\n\n\n<p><strong>bis Mitte M\u00e4rz &nbsp;<\/strong>&nbsp;&nbsp;&nbsp;&nbsp;&nbsp;&nbsp;&nbsp;<\/p>\n\n\n\n<p>Kennenlerngespr\u00e4che im Hort<\/p>\n\n\n\n<p><strong>Ende M\u00e4rz &nbsp;<\/strong><\/p>\n\n\n\n<p>Vertragsunterzeichnung, Eintragung in die Wartelisten sowie Versand der Absagen<\/p>\n\n\n\n<h3 class=\"wp-block-heading\">Vergabekriterien<\/h3>\n\n\n\n<p>Die enthaltenen Fragen im Online-Fragebogen geben uns wertvolle Infos f\u00fcr unser Vergabeverfahren. So ist es z.B. eine Grundvoraussetzung, dass wir eine ausgeglichene Verteilung von M\u00e4dchen und Jungen (50\/50) sowie eine ausgewogene Verteilung von Sch\u00fclerInnen&nbsp;aus den beiden Sprengelschulen bei uns im Hort aufnehmen. Hinzu kommen vielf\u00e4ltige Faktoren, die f\u00fcr die p\u00e4dagogische Arbeit wichtig sind, z.B. regelm\u00e4\u00dfige und l\u00e4ngerfristige Verweildauer der Kinder im Hort. F\u00fcr den Verein und&nbsp;die Gemeinschaft der Eltern ist es nat\u00fcrlich auch von Bedeutung, ob eine Bereitschaft f\u00fcr \u00dcbernahme von Eltern-\u00c4mtern gegeben ist. Au\u00dferdem achten wir auf soziale Faktoren bei der Platzvergabe, um einen Beitrag zum bunten Miteinander der Familien in Sendling zu leisten.<\/p>\n\n\n\n<p>Wir hoffen, dass durch diesen Einblick ein wenig deutlicher wird, dass es&nbsp;tats\u00e4chlich zahlreiche Kriterien sind, die f\u00fcr die Vergabe relevant sind &#8211; alle werden von uns ber\u00fccksichtigt.<\/p>\n","protected":false},"excerpt":{"rendered":"<p>Ablauf bis Ende Januar Anmeldung f\u00fcr einen Hortplatz \u00fcber das Anmeldeformular &#8222;Antrag auf einen Hortplatz&#8220; auf unserer Homepage bis Anmeldeschluss (Ende Januar) Anfang Februar Versand weiterer Informationen per Email: Buntstifte-Vorstellungsvideo + Abfrage eines Online-Fragebogens Mitte Februar Auswertung der Vergabekriterien ab &hellip; <\/p>\n","protected":false},"author":1,"featured_media":0,"parent":0,"menu_order":0,"comment_status":"closed","ping_status":"closed","template":"","meta":{"footnotes":""},"class_list":["post-221","page","type-page","status-publish","hentry"],"_links":{"self":[{"href":"https:\/\/www.hort-buntstifte.de\/wp22\/wp-json\/wp\/v2\/pages\/221","targetHints":{"allow":["GET"]}}],"collection":[{"href":"https:\/\/www.hort-buntstifte.de\/wp22\/wp-json\/wp\/v2\/pages"}],"about":[{"href":"https:\/\/www.hort-buntstifte.de\/wp22\/wp-json\/wp\/v2\/types\/page"}],"author":[{"embeddable":true,"href":"https:\/\/www.hort-buntstifte.de\/wp22\/wp-json\/wp\/v2\/users\/1"}],"replies":[{"embeddable":true,"href":"https:\/\/www.hort-buntstifte.de\/wp22\/wp-json\/wp\/v2\/comments?post=221"}],"version-history":[{"count":2,"href":"https:\/\/www.hort-buntstifte.de\/wp22\/wp-json\/wp\/v2\/pages\/221\/revisions"}],"predecessor-version":[{"id":224,"href":"https:\/\/www.hort-buntstifte.de\/wp22\/wp-json\/wp\/v2\/pages\/221\/revisions\/224"}],"wp:attachment":[{"href":"https:\/\/www.hort-buntstifte.de\/wp22\/wp-json\/wp\/v2\/media?parent=221"}],"curies":[{"name":"wp","href":"https:\/\/api.w.org\/{rel}","templated":true}]}}